{"id":2,"date":"2026-03-13T09:48:16","date_gmt":"2026-03-13T07:48:16","guid":{"rendered":"https:\/\/energiakouluttaja.competencex.fi\/lms\/?page_id=2"},"modified":"2026-04-08T12:11:52","modified_gmt":"2026-04-08T09:11:52","slug":"etusivu","status":"publish","type":"page","link":"https:\/\/energiakouluttaja.competencex.fi\/lms\/","title":{"rendered":"Etusivu"},"content":{"rendered":"\n<figure class=\"wp-block-image size-full is-resized\"><img loading=\"lazy\" decoding=\"async\" width=\"647\" height=\"620\" src=\"https:\/\/energiakouluttaja.competencex.fi\/lms\/wp-content\/uploads\/sites\/2\/2026\/03\/LogoPowerff.jpg\" alt=\"\" class=\"wp-image-80\" style=\"aspect-ratio:1.0435507397374453;width:502px;height:auto\" srcset=\"https:\/\/energiakouluttaja.competencex.fi\/lms\/wp-content\/uploads\/sites\/2\/2026\/03\/LogoPowerff.jpg 647w, https:\/\/energiakouluttaja.competencex.fi\/lms\/wp-content\/uploads\/sites\/2\/2026\/03\/LogoPowerff-300x287.jpg 300w, https:\/\/energiakouluttaja.competencex.fi\/lms\/wp-content\/uploads\/sites\/2\/2026\/03\/LogoPowerff-624x598.jpg 624w\" sizes=\"auto, (max-width: 647px) 100vw, 647px\" \/><\/figure>\n\n\n\n<h2 class=\"wp-block-heading\">Tervetuloa Energiakouluttajan teko\u00e4lyavusteiseen oppimisymp\u00e4rist\u00f6\u00f6n!<\/h2>\n\n\n\n<p class=\"has-medium-font-size\">Tutustu koulutusymp\u00e4rist\u00f6\u00f6n sek\u00e4 sen teko\u00e4lypohjaisiin ty\u00f6kaluihin ja kerro meille, mit\u00e4 ajatuksia sinulle her\u00e4si!<\/p>\n\n\n\n<p class=\"has-medium-font-size\">Kun katsot verkko-oppimisymp\u00e4rist\u00f6\u00e4 tietokoneella, l\u00f6yd\u00e4t vasemmasta valikosta kaikki sinun oppimiseesi ja koulutusymp\u00e4rist\u00f6n hallinnointiin liittyv\u00e4t linkit ja ylh\u00e4\u00e4lt\u00e4 oikealta sinun profiilisi sek\u00e4 siihen liittyv\u00e4t asetukset. Mobiilissa l\u00f6yd\u00e4t kaikki linkit vasemman yl\u00e4valikon takaa.<\/p>\n\n\n\n<p><a href=\"https:\/\/www.energiakouluttaja.fi\/\">Tutustu Energiakouluttajaan t\u00e4\u00e4lt\u00e4<\/a><\/p>\n\n\n\n<p><\/p>\n","protected":false},"excerpt":{"rendered":"<p>Tervetuloa Energiakouluttajan teko\u00e4lyavusteiseen oppimisymp\u00e4rist\u00f6\u00f6n! Tutustu koulutusymp\u00e4rist\u00f6\u00f6n sek\u00e4 sen teko\u00e4lypohjaisiin ty\u00f6kaluihin ja kerro meille, mit\u00e4 ajatuksia sinulle her\u00e4si! Kun katsot verkko-oppimisymp\u00e4rist\u00f6\u00e4 tietokoneella, l\u00f6yd\u00e4t vasemmasta valikosta kaikki&hellip;<\/p>\n","protected":false},"author":2,"featured_media":0,"parent":0,"menu_order":0,"comment_status":"closed","ping_status":"closed","template":"","meta":{"footnotes":""},"class_list":["post-2","page","type-page","status-publish","hentry"],"_links":{"self":[{"href":"https:\/\/energiakouluttaja.competencex.fi\/lms\/wp-json\/wp\/v2\/pages\/2","targetHints":{"allow":["GET"]}}],"collection":[{"href":"https:\/\/energiakouluttaja.competencex.fi\/lms\/wp-json\/wp\/v2\/pages"}],"about":[{"href":"https:\/\/energiakouluttaja.competencex.fi\/lms\/wp-json\/wp\/v2\/types\/page"}],"author":[{"embeddable":true,"href":"https:\/\/energiakouluttaja.competencex.fi\/lms\/wp-json\/wp\/v2\/users\/2"}],"replies":[{"embeddable":true,"href":"https:\/\/energiakouluttaja.competencex.fi\/lms\/wp-json\/wp\/v2\/comments?post=2"}],"version-history":[{"count":9,"href":"https:\/\/energiakouluttaja.competencex.fi\/lms\/wp-json\/wp\/v2\/pages\/2\/revisions"}],"predecessor-version":[{"id":214,"href":"https:\/\/energiakouluttaja.competencex.fi\/lms\/wp-json\/wp\/v2\/pages\/2\/revisions\/214"}],"wp:attachment":[{"href":"https:\/\/energiakouluttaja.competencex.fi\/lms\/wp-json\/wp\/v2\/media?parent=2"}],"curies":[{"name":"wp","href":"https:\/\/api.w.org\/{rel}","templated":true}]}}